{"id":2200,"date":"2019-03-18T09:43:41","date_gmt":"2019-03-18T08:43:41","guid":{"rendered":"https:\/\/www.alamaison.ch\/services-en-garderie\/"},"modified":"2019-04-18T09:09:52","modified_gmt":"2019-04-18T07:09:52","slug":"services-en-garderie","status":"publish","type":"page","link":"https:\/\/www.alamaison.ch\/en\/services-en-garderie\/","title":{"rendered":"Services en garderie"},"content":{"rendered":"<div class=\"wpb-content-wrapper\"><p>[vc_row full_width=&#8221;stretch_row&#8221; css=&#8221;.vc_custom_1553100850644{background-image: url(https:\/\/www.alamaison.ch\/wp-content\/uploads\/2019\/03\/banner-services-en-garderie.jpg?id=1600) !important;background-position: center !important;background-repeat: no-repeat !important;background-size: cover !important;}&#8221;][vc_column][vc_empty_space alter_height=&#8221;huge&#8221; hide_on_mobile=&#8221;&#8221;][vc_empty_space alter_height=&#8221;huge&#8221; hide_on_mobile=&#8221;&#8221;][vc_empty_space alter_height=&#8221;huge&#8221; hide_on_mobile=&#8221;&#8221;][vc_empty_space alter_height=&#8221;large&#8221; hide_on_mobile=&#8221;&#8221;][\/vc_column][\/vc_row][vc_row][vc_column][vc_empty_space alter_height=&#8221;large&#8221; hide_on_mobile=&#8221;&#8221;][vc_column_text]<\/p>\n<p style=\"text-align: center;\"><img loading=\"lazy\" decoding=\"async\" class=\"alignnone wp-image-1529\" src=\"https:\/\/www.alamaison.ch\/wp-content\/uploads\/2019\/03\/services.png\" alt=\"\" width=\"70\" height=\"70\" srcset=\"https:\/\/www.alamaison.ch\/wp-content\/uploads\/2019\/03\/services.png 111w, https:\/\/www.alamaison.ch\/wp-content\/uploads\/2019\/03\/services-100x100.png 100w\" sizes=\"auto, (max-width: 70px) 100vw, 70px\" \/><\/p>\n<p>[\/vc_column_text][vc_empty_space alter_height=&#8221;small&#8221; hide_on_mobile=&#8221;&#8221;]<div id=\"sc_title_1908461331\"\r\n\t\tclass=\"sc_title sc_title_default texteviolet\"><div class=\"sc_title_container\"><h3 class=\"sc_item_title sc_title_title sc_align_center sc_item_title_style_shadow\">Services en garderie<\/h3><\/div><\/div><!-- \/.sc_title -->[vc_column_text]<\/p>\n<h5 style=\"text-align: center;\">Votre partenaire en gestion de personnel<\/h5>\n<p>[\/vc_column_text][vc_empty_space alter_height=&#8221;small&#8221; hide_on_mobile=&#8221;&#8221;][vc_column_text]<\/p>\n<p class=\"p1\" style=\"text-align: center;\">Nous faisons b\u00e9n\u00e9ficier les structures d\u2019accueil de notre exp\u00e9rience dans le domaine du recrutement et de la gestion des comp\u00e9tences.<\/p>\n<p>[\/vc_column_text][vc_empty_space alter_height=&#8221;medium&#8221; hide_on_mobile=&#8221;&#8221;][\/vc_column][\/vc_row][vc_row full_width=&#8221;stretch_row&#8221;][vc_column][vc_empty_space alter_height=&#8221;medium&#8221; hide_on_mobile=&#8221;&#8221;][vc_column_text]<img loading=\"lazy\" decoding=\"async\" class=\"aligncenter wp-image-1603\" src=\"https:\/\/www.alamaison.ch\/wp-content\/uploads\/2019\/03\/stock-photo-friends-with-children-toddlers-playing-on-the-floor-in-montessori-centre-1254020653-1024x752.jpg\" alt=\"\" width=\"400\" height=\"294\" srcset=\"https:\/\/www.alamaison.ch\/wp-content\/uploads\/2019\/03\/stock-photo-friends-with-children-toddlers-playing-on-the-floor-in-montessori-centre-1254020653-1024x752.jpg 1024w, https:\/\/www.alamaison.ch\/wp-content\/uploads\/2019\/03\/stock-photo-friends-with-children-toddlers-playing-on-the-floor-in-montessori-centre-1254020653-300x220.jpg 300w, https:\/\/www.alamaison.ch\/wp-content\/uploads\/2019\/03\/stock-photo-friends-with-children-toddlers-playing-on-the-floor-in-montessori-centre-1254020653-768x564.jpg 768w, https:\/\/www.alamaison.ch\/wp-content\/uploads\/2019\/03\/stock-photo-friends-with-children-toddlers-playing-on-the-floor-in-montessori-centre-1254020653-370x272.jpg 370w, https:\/\/www.alamaison.ch\/wp-content\/uploads\/2019\/03\/stock-photo-friends-with-children-toddlers-playing-on-the-floor-in-montessori-centre-1254020653-770x565.jpg 770w, https:\/\/www.alamaison.ch\/wp-content\/uploads\/2019\/03\/stock-photo-friends-with-children-toddlers-playing-on-the-floor-in-montessori-centre-1254020653-740x543.jpg 740w, https:\/\/www.alamaison.ch\/wp-content\/uploads\/2019\/03\/stock-photo-friends-with-children-toddlers-playing-on-the-floor-in-montessori-centre-1254020653.jpg 1500w\" sizes=\"auto, (max-width: 400px) 100vw, 400px\" \/>[\/vc_column_text][vc_empty_space alter_height=&#8221;medium&#8221; hide_on_mobile=&#8221;&#8221;]<div id=\"sc_title_1800422114\"\r\n\t\tclass=\"sc_title sc_title_default\"><div class=\"sc_title_container\"><h6 class=\"sc_item_subtitle sc_title_subtitle sc_align_center sc_item_title_style_default\">Des services \u00e0 la carte<\/h6><h3 class=\"sc_item_title sc_title_title sc_align_center sc_item_title_style_default\">Service de remplacement complet<\/h3><\/div><\/div><!-- \/.sc_title -->[vc_empty_space alter_height=&#8221;medium&#8221; hide_on_mobile=&#8221;&#8221;][vc_column_text]<\/p>\n<p class=\"p1\" style=\"text-align: center;\">Nous vous proposons un service \u00e0 la carte, que ce soit pour des postes FIXES (CDI ou CDD) ou des missions TEMPORAIRES de courte ou longue dur\u00e9e pour les m\u00e9tiers li\u00e9s \u00e0 l\u2019\u00e9ducation et \u00e0 l\u2019intendance :<\/p>\n<h6 class=\"p1\" style=\"text-align: center; margin-bottom: 15px;\">Personnel \u00e9ducatif (ASE, Educateurs, stagiaire ..)<\/h6>\n<h6 class=\"p1\" style=\"text-align: center; margin-top: 1em;\">Personnel de maison (m\u00e9nage, cuisine)<\/h6>\n<p style=\"text-align: center;\"><img loading=\"lazy\" decoding=\"async\" class=\"alignnone wp-image-1632\" src=\"https:\/\/www.alamaison.ch\/wp-content\/uploads\/2019\/03\/adhesion-gratuite.jpg\" alt=\"\" width=\"150\" height=\"149\" srcset=\"https:\/\/www.alamaison.ch\/wp-content\/uploads\/2019\/03\/adhesion-gratuite.jpg 308w, https:\/\/www.alamaison.ch\/wp-content\/uploads\/2019\/03\/adhesion-gratuite-150x150.jpg 150w, https:\/\/www.alamaison.ch\/wp-content\/uploads\/2019\/03\/adhesion-gratuite-300x298.jpg 300w, https:\/\/www.alamaison.ch\/wp-content\/uploads\/2019\/03\/adhesion-gratuite-206x206.jpg 206w, https:\/\/www.alamaison.ch\/wp-content\/uploads\/2019\/03\/adhesion-gratuite-100x100.jpg 100w\" sizes=\"auto, (max-width: 150px) 100vw, 150px\" \/><\/p>\n<p>[\/vc_column_text][\/vc_column][vc_column][vc_empty_space alter_height=&#8221;huge&#8221; hide_on_mobile=&#8221;&#8221;][\/vc_column][\/vc_row][vc_row full_width=&#8221;stretch_row&#8221; css=&#8221;.vc_custom_1553780581091{background-color: #ece3cf !important;}&#8221; el_class=&#8221;blocbeige&#8221;][vc_column]<div id=\"sc_title_1132402522\"\r\n\t\tclass=\"sc_title sc_title_default\"><div class=\"sc_title_container\"><h6 class=\"sc_item_subtitle sc_title_subtitle sc_align_default sc_item_title_style_default\">Notre fonctionnement<\/h6><\/div><\/div><!-- \/.sc_title -->[vc_empty_space alter_height=&#8221;large&#8221; hide_on_mobile=&#8221;&#8221;][\/vc_column][vc_column width=&#8221;6\/12&#8243;][vc_empty_space hide_on_mobile=&#8221;&#8221;][vc_single_image image=&#8221;1618&#8243; img_size=&#8221;full&#8221;][\/vc_column][vc_column width=&#8221;6\/12&#8243;][vc_empty_space alter_height=&#8221;small&#8221; hide_on_mobile=&#8221;&#8221;][vc_column_text]<\/p>\n<h5 class=\"p1\">Notre savoir-faire vous permet de b\u00e9n\u00e9ficier de nombreux avantages, \u00e0 savoir :<\/h5>\n<ol>\n<li class=\"p1\">Service \u00e0 la carte et sur mesure<\/li>\n<li class=\"p1\">Grande souplesse et facilit\u00e9 d&#8217;adaptation<\/li>\n<li class=\"p1\">R\u00e9activit\u00e9<\/li>\n<li class=\"p1\">Des contrats sur mesure selon vos besoins<\/li>\n<li class=\"p1\">S\u00e9curit\u00e9<\/li>\n<\/ol>\n<p class=\"p1\">Nous s\u00e9lectionnons soigneusement tous les intervenants. Une exp\u00e9rience confirm\u00e9e et des r\u00e9f\u00e9rences sont les pr\u00e9alables indispensables \u00e0 tout engagement.<\/p>\n<p class=\"p1\">Notre agence apporte \u00e9galement des solutions parfaitement adapt\u00e9es aux demandes des diff\u00e9rentes structures :<\/p>\n<ul>\n<li class=\"p2\">Garderies<\/li>\n<li class=\"p2\">Haltes garderies<\/li>\n<li class=\"p2\">APEMS<\/li>\n<li class=\"p1\">UAPE, ..<\/li>\n<\/ul>\n<p class=\"p1\">En outre, nous vous proposons la candidate dont le profil s&#8217;adapte le mieux \u00e0 votre demande. <span class=\"s2\">AlaMaison <\/span>s\u2019occupe de tout et vous accompagne dans toutes les d\u00e9marches administratives, en vous proposant des formules adapt\u00e9es \u00e0 vos besoins.<\/p>\n<p>[\/vc_column_text][vc_empty_space alter_height=&#8221;small&#8221; hide_on_mobile=&#8221;&#8221;][\/vc_column][vc_column][vc_empty_space alter_height=&#8221;large&#8221; hide_on_mobile=&#8221;&#8221;][\/vc_column][\/vc_row][vc_row full_width=&#8221;stretch_row&#8221; css=&#8221;.vc_custom_1482144038128{background-color: #f6f6f6 !important;}&#8221;][vc_column][vc_empty_space alter_height=&#8221;huge&#8221; hide_on_mobile=&#8221;&#8221;]<div id=\"sc_title_763648668\"\r\n\t\tclass=\"sc_title sc_title_default\"><div class=\"sc_title_container\"><h6 class=\"sc_item_subtitle sc_title_subtitle sc_align_default sc_item_title_style_default\">Adh\u00e9sion gratuite<\/h6><\/div><\/div><!-- \/.sc_title -->[\/vc_column][vc_column width=&#8221;7\/12&#8243;][vc_empty_space hide_on_mobile=&#8221;&#8221;][vc_column_text]<\/p>\n<h3 class=\"p1\"><span class=\"s1\">AlaMaison est l&#8217;employer de l&#8217;intervenant, on s&#8217;occupe de tout :<\/span><\/h3>\n<ul>\n<li class=\"p2\">Evaluation des besoins<\/li>\n<li class=\"p2\">La s\u00e9lection, le contr\u00f4le des r\u00e9f\u00e9rences ant\u00e9rieures pour une tranquillit\u00e9 d\u2019esprit<\/li>\n<li class=\"p2\">Pr\u00e9sentation de l&#8217;intervenant correspondant au profil souhait\u00e9<\/li>\n<li class=\"p2\">Accomplissement des d\u00e9marches administratives et sociales<\/li>\n<li class=\"p2\">Le suivi personnalis\u00e9 de la prestation<\/li>\n<li class=\"p2\">Gestion et Contr\u00f4le des heures effectu\u00e9es<\/li>\n<li class=\"p2\">Le remplacement de l&#8217;intervenant en cas d\u2019absence, maladie, cong\u00e9s\u2026<\/li>\n<li class=\"p2\">Facturation selon la formule choisie et le relev\u00e9 d&#8217;heures<\/li>\n<li class=\"p2\">Souplesse et adaptabilit\u00e9 de nos formules selon vos besoins<\/li>\n<li class=\"p2\">Intervention de minimum 2 heures<\/li>\n<\/ul>\n<h3 class=\"p1\">Vous \u00eates l&#8217;employer de l&#8217;intervenant, on s&#8217;occupe de tout :<\/h3>\n<ul>\n<li class=\"p2\">Evaluation des besoins<\/li>\n<li class=\"p2\">La s\u00e9lection, le contr\u00f4le des r\u00e9f\u00e9rences ant\u00e9rieures pour une tranquillit\u00e9 d\u2019esprit<\/li>\n<li class=\"p2\">Pr\u00e9sentation de l&#8217;intervenant correspondant au profil souhait\u00e9<\/li>\n<li class=\"p2\">Accomplissement des d\u00e9marches administratives et sociales (contrats, fiches salaires..)<\/li>\n<li class=\"p2\">L\u2019intervenant devient votre employ\u00e9<\/li>\n<li class=\"p2\">Facturation selon nos conditions fixes<\/li>\n<\/ul>\n<p>[\/vc_column_text][\/vc_column][vc_column width=&#8221;5\/12&#8243;][vc_empty_space alter_height=&#8221;small&#8221; hide_on_mobile=&#8221;&#8221;][vc_single_image image=&#8221;1621&#8243; img_size=&#8221;full&#8221;][vc_empty_space alter_height=&#8221;small&#8221; hide_on_mobile=&#8221;&#8221;][\/vc_column][vc_column][vc_empty_space alter_height=&#8221;huge&#8221; hide_on_mobile=&#8221;&#8221;][\/vc_column][\/vc_row][vc_row full_width=&#8221;stretch_row&#8221; css=&#8221;.vc_custom_1552311073585{background-image: url(https:\/\/www.alamaison.ch\/wp-content\/uploads\/2019\/03\/2stock-vector-seamless-abstract-floral-pattern-beige-and-white-vector-background-geometric-leaf-ornament-535095208.jpg?id=1348) !important;}&#8221;][vc_column]<div  id=\"sc_action_875654695\" \n\tclass=\"sc_action sc_action_simple\" data-slides-min-width=\"250\"\t><div class=\"sc_action_content sc_item_content\"><div class=\"sc_action_item sc_action_item_simple sc_action_item_ml\">\n\t\t\t <div class=\"sc_action_item_header\"><h3 class=\"sc_action_item_title\"><span>Une adh\u00e9sion gratuite pour une tranquillit\u00e9 d&#039;esprit<\/span><\/h3><div class=\"sc_action_item_description\"><span>Aucun frais n\u2019est exig\u00e9 pour l\u2019ouverture du dossier.<\/span><\/div><\/div><a href=\"http:\/\/www.alamaison.ch\/demande-de-service\/\" class=\"sc_action_item_link\">Demander un service<\/a><\/div><\/div><\/div><!-- \/.sc_action -->[\/vc_column][\/vc_row]<\/p>\n<\/div>","protected":false},"excerpt":{"rendered":"<p>[vc_row full_width=&#8221;stretch_row&#8221; css=&#8221;.vc_custom_1553100850644{background-image: url(https:\/\/www.alamaison.ch\/wp-content\/uploads\/2019\/03\/banner-services-en-garderie.jpg?id=1600) !important;background-position: center !important;background-repeat: no-repeat !important;background-size: cover !important;}&#8221;][vc_column][vc_empty_space alter_height=&#8221;huge&#8221; hide_on_mobile=&#8221;&#8221;][vc_empty_space alter_height=&#8221;huge&#8221; hide_on_mobile=&#8221;&#8221;][vc_empty_space alter_height=&#8221;huge&#8221; hide_on_mobile=&#8221;&#8221;][vc_empty_space alter_height=&#8221;large&#8221; hide_on_mobile=&#8221;&#8221;][\/vc_column][\/vc_row][vc_row][vc_column][vc_empty_space alter_height=&#8221;large&#8221; hide_on_mobile=&#8221;&#8221;][vc_column_text] [\/vc_column_text][vc_empty_space alter_height=&#8221;small&#8221; hide_on_mobile=&#8221;&#8221;][vc_column_text] Votre partenaire en gestion de personnel&hellip;<\/p>\n","protected":false},"author":1,"featured_media":0,"parent":0,"menu_order":0,"comment_status":"closed","ping_status":"closed","template":"","meta":{"inline_featured_image":false,"_joinchat":[],"footnotes":""},"class_list":["post-2200","page","type-page","status-publish","hentry"],"yoast_head":"<!-- This site is optimized with the Yoast SEO plugin v27.3 - https:\/\/yoast.com\/product\/yoast-seo-wordpress\/ -->\n<title>Services en garderie - AlaMaison.ch<\/title>\n<meta name=\"robots\" content=\"index, follow, max-snippet:-1, max-image-preview:large, max-video-preview:-1\" \/>\n<link rel=\"canonical\" href=\"https:\/\/www.alamaison.ch\/en\/services-en-garderie\/\" \/>\n<meta property=\"og:locale\" content=\"en_US\" \/>\n<meta property=\"og:type\" content=\"article\" \/>\n<meta property=\"og:title\" content=\"Services en garderie - AlaMaison.ch\" \/>\n<meta property=\"og:description\" content=\"[vc_row full_width=&#8221;stretch_row&#8221; css=&#8221;.vc_custom_1553100850644{background-image: url(https:\/\/www.alamaison.ch\/wp-content\/uploads\/2019\/03\/banner-services-en-garderie.jpg?id=1600) !important;background-position: center !important;background-repeat: no-repeat !important;background-size: cover !important;}&#8221;][vc_column][vc_empty_space alter_height=&#8221;huge&#8221; hide_on_mobile=&#8221;&#8221;][vc_empty_space alter_height=&#8221;huge&#8221; hide_on_mobile=&#8221;&#8221;][vc_empty_space alter_height=&#8221;huge&#8221; hide_on_mobile=&#8221;&#8221;][vc_empty_space alter_height=&#8221;large&#8221; hide_on_mobile=&#8221;&#8221;][\/vc_column][\/vc_row][vc_row][vc_column][vc_empty_space alter_height=&#8221;large&#8221; hide_on_mobile=&#8221;&#8221;][vc_column_text] [\/vc_column_text][vc_empty_space alter_height=&#8221;small&#8221; hide_on_mobile=&#8221;&#8221;][vc_column_text] Votre partenaire en gestion de personnel&hellip;\" \/>\n<meta property=\"og:url\" content=\"https:\/\/www.alamaison.ch\/en\/services-en-garderie\/\" \/>\n<meta property=\"og:site_name\" content=\"AlaMaison.ch\" \/>\n<meta property=\"article:modified_time\" content=\"2019-04-18T07:09:52+00:00\" \/>\n<meta property=\"og:image\" content=\"https:\/\/www.alamaison.ch\/wp-content\/uploads\/2019\/03\/services.png\" \/>\n<meta name=\"twitter:card\" content=\"summary_large_image\" \/>\n<meta name=\"twitter:label1\" content=\"Est. reading time\" \/>\n\t<meta name=\"twitter:data1\" content=\"5 minutes\" \/>\n<script type=\"application\/ld+json\" class=\"yoast-schema-graph\">{\"@context\":\"https:\\\/\\\/schema.org\",\"@graph\":[{\"@type\":\"WebPage\",\"@id\":\"https:\\\/\\\/www.alamaison.ch\\\/en\\\/services-en-garderie\\\/\",\"url\":\"https:\\\/\\\/www.alamaison.ch\\\/en\\\/services-en-garderie\\\/\",\"name\":\"Services en garderie - AlaMaison.ch\",\"isPartOf\":{\"@id\":\"https:\\\/\\\/www.alamaison.ch\\\/en\\\/#website\"},\"primaryImageOfPage\":{\"@id\":\"https:\\\/\\\/www.alamaison.ch\\\/en\\\/services-en-garderie\\\/#primaryimage\"},\"image\":{\"@id\":\"https:\\\/\\\/www.alamaison.ch\\\/en\\\/services-en-garderie\\\/#primaryimage\"},\"thumbnailUrl\":\"https:\\\/\\\/www.alamaison.ch\\\/wp-content\\\/uploads\\\/2019\\\/03\\\/services.png\",\"datePublished\":\"2019-03-18T08:43:41+00:00\",\"dateModified\":\"2019-04-18T07:09:52+00:00\",\"breadcrumb\":{\"@id\":\"https:\\\/\\\/www.alamaison.ch\\\/en\\\/services-en-garderie\\\/#breadcrumb\"},\"inLanguage\":\"en-US\",\"potentialAction\":[{\"@type\":\"ReadAction\",\"target\":[\"https:\\\/\\\/www.alamaison.ch\\\/en\\\/services-en-garderie\\\/\"]}]},{\"@type\":\"ImageObject\",\"inLanguage\":\"en-US\",\"@id\":\"https:\\\/\\\/www.alamaison.ch\\\/en\\\/services-en-garderie\\\/#primaryimage\",\"url\":\"https:\\\/\\\/www.alamaison.ch\\\/wp-content\\\/uploads\\\/2019\\\/03\\\/services.png\",\"contentUrl\":\"https:\\\/\\\/www.alamaison.ch\\\/wp-content\\\/uploads\\\/2019\\\/03\\\/services.png\"},{\"@type\":\"BreadcrumbList\",\"@id\":\"https:\\\/\\\/www.alamaison.ch\\\/en\\\/services-en-garderie\\\/#breadcrumb\",\"itemListElement\":[{\"@type\":\"ListItem\",\"position\":1,\"name\":\"Accueil\",\"item\":\"https:\\\/\\\/www.alamaison.ch\\\/en\\\/\"},{\"@type\":\"ListItem\",\"position\":2,\"name\":\"Services en garderie\"}]},{\"@type\":\"WebSite\",\"@id\":\"https:\\\/\\\/www.alamaison.ch\\\/en\\\/#website\",\"url\":\"https:\\\/\\\/www.alamaison.ch\\\/en\\\/\",\"name\":\"AlaMaison.ch\",\"description\":\"Domicile Services\",\"potentialAction\":[{\"@type\":\"SearchAction\",\"target\":{\"@type\":\"EntryPoint\",\"urlTemplate\":\"https:\\\/\\\/www.alamaison.ch\\\/en\\\/?s={search_term_string}\"},\"query-input\":{\"@type\":\"PropertyValueSpecification\",\"valueRequired\":true,\"valueName\":\"search_term_string\"}}],\"inLanguage\":\"en-US\"}]}<\/script>\n<!-- \/ Yoast SEO plugin. -->","yoast_head_json":{"title":"Services en garderie - AlaMaison.ch","robots":{"index":"index","follow":"follow","max-snippet":"max-snippet:-1","max-image-preview":"max-image-preview:large","max-video-preview":"max-video-preview:-1"},"canonical":"https:\/\/www.alamaison.ch\/en\/services-en-garderie\/","og_locale":"en_US","og_type":"article","og_title":"Services en garderie - AlaMaison.ch","og_description":"[vc_row full_width=&#8221;stretch_row&#8221; css=&#8221;.vc_custom_1553100850644{background-image: url(https:\/\/www.alamaison.ch\/wp-content\/uploads\/2019\/03\/banner-services-en-garderie.jpg?id=1600) !important;background-position: center !important;background-repeat: no-repeat !important;background-size: cover !important;}&#8221;][vc_column][vc_empty_space alter_height=&#8221;huge&#8221; hide_on_mobile=&#8221;&#8221;][vc_empty_space alter_height=&#8221;huge&#8221; hide_on_mobile=&#8221;&#8221;][vc_empty_space alter_height=&#8221;huge&#8221; hide_on_mobile=&#8221;&#8221;][vc_empty_space alter_height=&#8221;large&#8221; hide_on_mobile=&#8221;&#8221;][\/vc_column][\/vc_row][vc_row][vc_column][vc_empty_space alter_height=&#8221;large&#8221; hide_on_mobile=&#8221;&#8221;][vc_column_text] [\/vc_column_text][vc_empty_space alter_height=&#8221;small&#8221; hide_on_mobile=&#8221;&#8221;][vc_column_text] Votre partenaire en gestion de personnel&hellip;","og_url":"https:\/\/www.alamaison.ch\/en\/services-en-garderie\/","og_site_name":"AlaMaison.ch","article_modified_time":"2019-04-18T07:09:52+00:00","og_image":[{"url":"https:\/\/www.alamaison.ch\/wp-content\/uploads\/2019\/03\/services.png","type":"","width":"","height":""}],"twitter_card":"summary_large_image","twitter_misc":{"Est. reading time":"5 minutes"},"schema":{"@context":"https:\/\/schema.org","@graph":[{"@type":"WebPage","@id":"https:\/\/www.alamaison.ch\/en\/services-en-garderie\/","url":"https:\/\/www.alamaison.ch\/en\/services-en-garderie\/","name":"Services en garderie - AlaMaison.ch","isPartOf":{"@id":"https:\/\/www.alamaison.ch\/en\/#website"},"primaryImageOfPage":{"@id":"https:\/\/www.alamaison.ch\/en\/services-en-garderie\/#primaryimage"},"image":{"@id":"https:\/\/www.alamaison.ch\/en\/services-en-garderie\/#primaryimage"},"thumbnailUrl":"https:\/\/www.alamaison.ch\/wp-content\/uploads\/2019\/03\/services.png","datePublished":"2019-03-18T08:43:41+00:00","dateModified":"2019-04-18T07:09:52+00:00","breadcrumb":{"@id":"https:\/\/www.alamaison.ch\/en\/services-en-garderie\/#breadcrumb"},"inLanguage":"en-US","potentialAction":[{"@type":"ReadAction","target":["https:\/\/www.alamaison.ch\/en\/services-en-garderie\/"]}]},{"@type":"ImageObject","inLanguage":"en-US","@id":"https:\/\/www.alamaison.ch\/en\/services-en-garderie\/#primaryimage","url":"https:\/\/www.alamaison.ch\/wp-content\/uploads\/2019\/03\/services.png","contentUrl":"https:\/\/www.alamaison.ch\/wp-content\/uploads\/2019\/03\/services.png"},{"@type":"BreadcrumbList","@id":"https:\/\/www.alamaison.ch\/en\/services-en-garderie\/#breadcrumb","itemListElement":[{"@type":"ListItem","position":1,"name":"Accueil","item":"https:\/\/www.alamaison.ch\/en\/"},{"@type":"ListItem","position":2,"name":"Services en garderie"}]},{"@type":"WebSite","@id":"https:\/\/www.alamaison.ch\/en\/#website","url":"https:\/\/www.alamaison.ch\/en\/","name":"AlaMaison.ch","description":"Domicile Services","potentialAction":[{"@type":"SearchAction","target":{"@type":"EntryPoint","urlTemplate":"https:\/\/www.alamaison.ch\/en\/?s={search_term_string}"},"query-input":{"@type":"PropertyValueSpecification","valueRequired":true,"valueName":"search_term_string"}}],"inLanguage":"en-US"}]}},"_links":{"self":[{"href":"https:\/\/www.alamaison.ch\/en\/wp-json\/wp\/v2\/pages\/2200","targetHints":{"allow":["GET"]}}],"collection":[{"href":"https:\/\/www.alamaison.ch\/en\/wp-json\/wp\/v2\/pages"}],"about":[{"href":"https:\/\/www.alamaison.ch\/en\/wp-json\/wp\/v2\/types\/page"}],"author":[{"embeddable":true,"href":"https:\/\/www.alamaison.ch\/en\/wp-json\/wp\/v2\/users\/1"}],"replies":[{"embeddable":true,"href":"https:\/\/www.alamaison.ch\/en\/wp-json\/wp\/v2\/comments?post=2200"}],"version-history":[{"count":2,"href":"https:\/\/www.alamaison.ch\/en\/wp-json\/wp\/v2\/pages\/2200\/revisions"}],"predecessor-version":[{"id":2688,"href":"https:\/\/www.alamaison.ch\/en\/wp-json\/wp\/v2\/pages\/2200\/revisions\/2688"}],"wp:attachment":[{"href":"https:\/\/www.alamaison.ch\/en\/wp-json\/wp\/v2\/media?parent=2200"}],"curies":[{"name":"wp","href":"https:\/\/api.w.org\/{rel}","templated":true}]}}